{"id":20,"date":"2019-10-09T08:49:45","date_gmt":"2019-10-09T08:49:45","guid":{"rendered":"http:\/\/stjohns-gospel.de\/?page_id=20"},"modified":"2019-10-09T12:04:08","modified_gmt":"2019-10-09T12:04:08","slug":"chor","status":"publish","type":"page","link":"https:\/\/stjohns-gospel.de\/?page_id=20","title":{"rendered":"CHOR"},"content":{"rendered":"\n<p>Seit Oktober 2014 probt der <strong><em>Gospelchor der evang. St. Johanneskirche<\/em><\/strong> in Mering jeden\u00a0 Donnerstag Abend ab 19:30 Uhr sein Repertoire. Die rund 35 S\u00e4ngerinnen und S\u00e4nger um Chorleiter Fabian Sch\u00e4fer haben sich den Gospels und Spirituals aus den amerikanischen S\u00fcdstaaten verschrieben. Und so trifft gef\u00fchlvoller Soul auf temperamentvollen Bluesrock.<\/p>\n\n\n\n<p>Begleitet wird der Gospelchor von einer dreik\u00f6pfigen Band (Schlagzeug, Bass und Keyboards), die f\u00fcr den n\u00f6tigen Groove sorgen. <\/p>\n","protected":false},"excerpt":{"rendered":"<p>Seit Oktober 2014 probt der Gospelchor der evang. St. Johanneskirche in Mering jeden\u00a0 Donnerstag Abend ab 19:30 Uhr sein Repertoire. Die rund 35 S\u00e4ngerinnen und S\u00e4nger um Chorleiter Fabian Sch\u00e4fer haben sich den Gospels und Spirituals aus den amerikanischen S\u00fcdstaaten verschrieben. Und so trifft gef\u00fchlvoller Soul auf temperamentvollen Bluesrock. Begleitet wird der Gospelchor von einer&#8230;<\/p>\n","protected":false},"author":1,"featured_media":0,"parent":0,"menu_order":2,"comment_status":"closed","ping_status":"closed","template":"","meta":{"footnotes":""},"class_list":["post-20","page","type-page","status-publish","hentry"],"_links":{"self":[{"href":"https:\/\/stjohns-gospel.de\/index.php?rest_route=\/wp\/v2\/pages\/20","targetHints":{"allow":["GET"]}}],"collection":[{"href":"https:\/\/stjohns-gospel.de\/index.php?rest_route=\/wp\/v2\/pages"}],"about":[{"href":"https:\/\/stjohns-gospel.de\/index.php?rest_route=\/wp\/v2\/types\/page"}],"author":[{"embeddable":true,"href":"https:\/\/stjohns-gospel.de\/index.php?rest_route=\/wp\/v2\/users\/1"}],"replies":[{"embeddable":true,"href":"https:\/\/stjohns-gospel.de\/index.php?rest_route=%2Fwp%2Fv2%2Fcomments&post=20"}],"version-history":[{"count":3,"href":"https:\/\/stjohns-gospel.de\/index.php?rest_route=\/wp\/v2\/pages\/20\/revisions"}],"predecessor-version":[{"id":60,"href":"https:\/\/stjohns-gospel.de\/index.php?rest_route=\/wp\/v2\/pages\/20\/revisions\/60"}],"wp:attachment":[{"href":"https:\/\/stjohns-gospel.de\/index.php?rest_route=%2Fwp%2Fv2%2Fmedia&parent=20"}],"curies":[{"name":"wp","href":"https:\/\/api.w.org\/{rel}","templated":true}]}}